{"id":1812,"date":"2023-09-07T04:40:48","date_gmt":"2023-09-07T03:40:48","guid":{"rendered":"https:\/\/onya.mu\/?page_id=1812"},"modified":"2023-09-11T13:06:10","modified_gmt":"2023-09-11T12:06:10","slug":"a-visit-to-gael-soupes-paradise-on-earth","status":"publish","type":"page","link":"https:\/\/onya.mu\/fr\/a-visit-to-gael-soupes-paradise-on-earth\/","title":{"rendered":"A visit to Ga\u00ebl Soupe&#8217;s paradise on earth."},"content":{"rendered":"<div data-elementor-type=\"wp-page\" data-elementor-id=\"1812\" class=\"elementor elementor-1812\">\n\t\t\t\t\t\t\t\t\t<section class=\"elementor-section elementor-top-section elementor-element elementor-element-b528dc4 elementor-section-full_width elementor-section-height-default elementor-section-height-default\" data-id=\"b528dc4\" data-element_type=\"section\" data-settings=\"{&quot;background_background&quot;:&quot;slideshow&quot;,&quot;background_slideshow_gallery&quot;:[{&quot;id&quot;:382,&quot;url&quot;:&quot;https:\\\/\\\/onya.mu\\\/wp-content\\\/uploads\\\/2022\\\/07\\\/288993525_760276985338049_2645228922893557433_n.jpg&quot;}],&quot;background_slideshow_loop&quot;:&quot;yes&quot;,&quot;background_slideshow_slide_duration&quot;:5000,&quot;background_slideshow_slide_transition&quot;:&quot;fade&quot;,&quot;background_slideshow_transition_duration&quot;:500}\">\n\t\t\t\t\t\t\t<div class=\"elementor-background-overlay\"><\/div>\n\t\t\t\t\t\t\t<div class=\"elementor-container elementor-column-gap-default\">\n\t\t\t\t\t<div class=\"elementor-column elementor-col-100 elementor-top-column elementor-element elementor-element-3166cfa\" data-id=\"3166cfa\" data-element_type=\"column\" data-settings=\"{&quot;background_background&quot;:&quot;slideshow&quot;,&quot;background_slideshow_gallery&quot;:[],&quot;background_slideshow_loop&quot;:&quot;yes&quot;,&quot;background_slideshow_slide_duration&quot;:5000,&quot;background_slideshow_slide_transition&quot;:&quot;fade&quot;,&quot;background_slideshow_transition_duration&quot;:500}\">\n\t\t\t<div class=\"elementor-widget-wrap elementor-element-populated\">\n\t\t\t\t\t\t\t\t<div class=\"elementor-element elementor-element-150ccce elementor-widget elementor-widget-spacer\" data-id=\"150ccce\" data-element_type=\"widget\" data-widget_type=\"spacer.default\">\n\t\t\t\t<div class=\"elementor-widget-container\">\n\t\t\t<style>\/*! elementor - v3.17.0 - 01-11-2023 *\/\n.elementor-column .elementor-spacer-inner{height:var(--spacer-size)}.e-con{--container-widget-width:100%}.e-con-inner>.elementor-widget-spacer,.e-con>.elementor-widget-spacer{width:var(--container-widget-width,var(--spacer-size));--align-self:var(--container-widget-align-self,initial);--flex-shrink:0}.e-con-inner>.elementor-widget-spacer>.elementor-widget-container,.e-con>.elementor-widget-spacer>.elementor-widget-container{height:100%;width:100%}.e-con-inner>.elementor-widget-spacer>.elementor-widget-container>.elementor-spacer,.e-con>.elementor-widget-spacer>.elementor-widget-container>.elementor-spacer{height:100%}.e-con-inner>.elementor-widget-spacer>.elementor-widget-container>.elementor-spacer>.elementor-spacer-inner,.e-con>.elementor-widget-spacer>.elementor-widget-container>.elementor-spacer>.elementor-spacer-inner{height:var(--container-widget-height,var(--spacer-size))}.e-con-inner>.elementor-widget-spacer.elementor-widget-empty,.e-con>.elementor-widget-spacer.elementor-widget-empty{position:relative;min-height:22px;min-width:22px}.e-con-inner>.elementor-widget-spacer.elementor-widget-empty .elementor-widget-empty-icon,.e-con>.elementor-widget-spacer.elementor-widget-empty .elementor-widget-empty-icon{position:absolute;top:0;bottom:0;left:0;right:0;margin:auto;padding:0;width:22px;height:22px}<\/style>\t\t<div class=\"elementor-spacer\">\n\t\t\t<div class=\"elementor-spacer-inner\"><\/div>\n\t\t<\/div>\n\t\t\t\t<\/div>\n\t\t\t\t<\/div>\n\t\t\t\t<div class=\"elementor-element elementor-element-c0b33a2 elementor-widget elementor-widget-heading\" data-id=\"c0b33a2\" data-element_type=\"widget\" data-widget_type=\"heading.default\">\n\t\t\t\t<div class=\"elementor-widget-container\">\n\t\t\t<style>\/*! elementor - v3.17.0 - 01-11-2023 *\/\n.elementor-heading-title{padding:0;margin:0;line-height:1}.elementor-widget-heading .elementor-heading-title[class*=elementor-size-]>a{color:inherit;font-size:inherit;line-height:inherit}.elementor-widget-heading .elementor-heading-title.elementor-size-small{font-size:15px}.elementor-widget-heading .elementor-heading-title.elementor-size-medium{font-size:19px}.elementor-widget-heading .elementor-heading-title.elementor-size-large{font-size:29px}.elementor-widget-heading .elementor-heading-title.elementor-size-xl{font-size:39px}.elementor-widget-heading .elementor-heading-title.elementor-size-xxl{font-size:59px}<\/style><h2 class=\"elementor-heading-title elementor-size-default\">Une visite au paradis terrestre de Ga\u00ebl Soupe.<\/h2>\t\t<\/div>\n\t\t\t\t<\/div>\n\t\t\t\t<div class=\"elementor-element elementor-element-252730e elementor-widget elementor-widget-spacer\" data-id=\"252730e\" data-element_type=\"widget\" data-widget_type=\"spacer.default\">\n\t\t\t\t<div class=\"elementor-widget-container\">\n\t\t\t\t\t<div class=\"elementor-spacer\">\n\t\t\t<div class=\"elementor-spacer-inner\"><\/div>\n\t\t<\/div>\n\t\t\t\t<\/div>\n\t\t\t\t<\/div>\n\t\t\t\t\t<\/div>\n\t\t<\/div>\n\t\t\t\t\t\t\t<\/div>\n\t\t<\/section>\n\t\t\t\t<section class=\"elementor-section elementor-top-section elementor-element elementor-element-968199b elementor-section-full_width elementor-section-height-default elementor-section-height-default\" data-id=\"968199b\" data-element_type=\"section\">\n\t\t\t\t\t\t<div class=\"elementor-container elementor-column-gap-no\">\n\t\t\t\t\t<div class=\"elementor-column elementor-col-100 elementor-top-column elementor-element elementor-element-8e9a971\" data-id=\"8e9a971\" data-element_type=\"column\">\n\t\t\t<div class=\"elementor-widget-wrap\">\n\t\t\t\t\t\t\t\t\t<\/div>\n\t\t<\/div>\n\t\t\t\t\t\t\t<\/div>\n\t\t<\/section>\n\t\t\t\t<section class=\"elementor-section elementor-top-section elementor-element elementor-element-31475c6 elementor-section-boxed elementor-section-height-default elementor-section-height-default\" data-id=\"31475c6\" data-element_type=\"section\">\n\t\t\t\t\t\t<div class=\"elementor-container elementor-column-gap-default\">\n\t\t\t\t\t<div class=\"elementor-column elementor-col-50 elementor-top-column elementor-element elementor-element-fde1981\" data-id=\"fde1981\" data-element_type=\"column\">\n\t\t\t<div class=\"elementor-widget-wrap elementor-element-populated\">\n\t\t\t\t\t\t\t\t<div class=\"elementor-element elementor-element-266964d elementor-widget elementor-widget-text-editor\" data-id=\"266964d\" data-element_type=\"widget\" data-widget_type=\"text-editor.default\">\n\t\t\t\t<div class=\"elementor-widget-container\">\n\t\t\t<style>\/*! elementor - v3.17.0 - 01-11-2023 *\/\n.elementor-widget-text-editor.elementor-drop-cap-view-stacked .elementor-drop-cap{background-color:#69727d;color:#fff}.elementor-widget-text-editor.elementor-drop-cap-view-framed .elementor-drop-cap{color:#69727d;border:3px solid;background-color:transparent}.elementor-widget-text-editor:not(.elementor-drop-cap-view-default) .elementor-drop-cap{margin-top:8px}.elementor-widget-text-editor:not(.elementor-drop-cap-view-default) .elementor-drop-cap-letter{width:1em;height:1em}.elementor-widget-text-editor .elementor-drop-cap{float:left;text-align:center;line-height:1;font-size:50px}.elementor-widget-text-editor .elementor-drop-cap-letter{display:inline-block}<\/style>\t\t\t\t<p style=\"font-weight: 400;\">Le 7 juillet 2023 est un jour historique pour ONYA : celui de la rencontre entre deux passionn\u00e9s des produits locaux de qualit\u00e9, Ga\u00ebl Soupe et Chef Franco.<\/p><p style=\"font-weight: 400;\">\u00a0When Franco discovered Ga\u00ebl&#8217;s Facebook page <a href=\"https:\/\/www.facebook.com\/gael.soupe\" data-saferedirecturl=\"https:\/\/www.google.com\/url?q=https:\/\/www.facebook.com\/gael.soupe&amp;source=gmail&amp;ust=1694143896424000&amp;usg=AOvVaw0xY7g8GJ0kCcOrN57yJLMp\">https:\/\/www.facebook.com\/gael.soupe<\/a>, he is thrilled by what he sees and immediately decides to go and see for himself. About ten years ago, Ga\u00ebl created a pilot farm there, which is a real plant miracle! 1.2 acres of land where he has let nature create its own ecosystem, the richest and most nourishing there is. A botany teacher in France, where he had gone to study, had taught him how nature does things well.<\/p><p style=\"font-weight: 400;\">\u00a0La zone Food Forest de son Primitive Lounge se d\u00e9ploie en un complexe et d\u00e9licat syst\u00e8me aux multiples strates : arbres fruitiers, l\u00e9gumes-racines, champignons, lianes, arbustes, fleurs couvre-sol anti-\u00e9rosion, humus de graines, feuilles et bois, bambous dont les feuilles font un excellent herbicide naturel, sans oublier les insectes qui se r\u00e9approprient joyeusement le lieu et m\u00eame les abeilles dont Ga\u00ebl recueille le miel !<\/p><p>Une autre zone abrite les productions plus sensibles telles que le cacao. Il a fallu \u00e0 Ga\u00ebl sept ans pour obtenir les premi\u00e8res cabosses qui se pr\u00e9sentent aujourd\u2019hui sur l\u2019arbre comme d\u2019app\u00e9tissantes \u00e9vidences.<\/p><p style=\"font-weight: 400;\">\u00a0<\/p>\t\t\t\t\t\t<\/div>\n\t\t\t\t<\/div>\n\t\t\t\t\t<\/div>\n\t\t<\/div>\n\t\t\t\t<div class=\"elementor-column elementor-col-50 elementor-top-column elementor-element elementor-element-d6e8680\" data-id=\"d6e8680\" data-element_type=\"column\" data-settings=\"{&quot;background_background&quot;:&quot;classic&quot;}\">\n\t\t\t<div class=\"elementor-widget-wrap elementor-element-populated\">\n\t\t\t\t\t\t\t\t<div class=\"elementor-element elementor-element-e777800 elementor-widget elementor-widget-image\" data-id=\"e777800\" data-element_type=\"widget\" data-widget_type=\"image.default\">\n\t\t\t\t<div class=\"elementor-widget-container\">\n\t\t\t<style>\/*! elementor - v3.17.0 - 01-11-2023 *\/\n.elementor-widget-image{text-align:center}.elementor-widget-image a{display:inline-block}.elementor-widget-image a img[src$=\".svg\"]{width:48px}.elementor-widget-image img{vertical-align:middle;display:inline-block}<\/style>\t\t\t\t\t\t\t\t\t\t\t\t<img loading=\"lazy\" decoding=\"async\" width=\"1024\" height=\"768\" src=\"https:\/\/onya.mu\/wp-content\/uploads\/2023\/09\/Gael-1.jpg\" class=\"attachment-full size-full wp-image-1808\" alt=\"\" srcset=\"https:\/\/onya.mu\/wp-content\/uploads\/2023\/09\/Gael-1.jpg 1024w, https:\/\/onya.mu\/wp-content\/uploads\/2023\/09\/Gael-1-300x225.jpg 300w, https:\/\/onya.mu\/wp-content\/uploads\/2023\/09\/Gael-1-768x576.jpg 768w, https:\/\/onya.mu\/wp-content\/uploads\/2023\/09\/Gael-1-16x12.jpg 16w\" sizes=\"auto, (max-width: 1024px) 100vw, 1024px\" \/>\t\t\t\t\t\t\t\t\t\t\t\t\t\t\t<\/div>\n\t\t\t\t<\/div>\n\t\t\t\t<div class=\"elementor-element elementor-element-53b74c8 elementor-widget elementor-widget-heading\" data-id=\"53b74c8\" data-element_type=\"widget\" data-widget_type=\"heading.default\">\n\t\t\t\t<div class=\"elementor-widget-container\">\n\t\t\t<h6 class=\"elementor-heading-title elementor-size-default\">Le bon g\u00e9ant Ga\u00ebl re\u00e7oit Franco dans son jardin extraordinaire<\/h6>\t\t<\/div>\n\t\t\t\t<\/div>\n\t\t\t\t\t<\/div>\n\t\t<\/div>\n\t\t\t\t\t\t\t<\/div>\n\t\t<\/section>\n\t\t\t\t<section class=\"elementor-section elementor-top-section elementor-element elementor-element-a3d431c elementor-section-boxed elementor-section-height-default elementor-section-height-default\" data-id=\"a3d431c\" data-element_type=\"section\">\n\t\t\t\t\t\t<div class=\"elementor-container elementor-column-gap-default\">\n\t\t\t\t\t<div class=\"elementor-column elementor-col-50 elementor-top-column elementor-element elementor-element-811fbc6\" data-id=\"811fbc6\" data-element_type=\"column\" data-settings=\"{&quot;background_background&quot;:&quot;classic&quot;}\">\n\t\t\t<div class=\"elementor-widget-wrap elementor-element-populated\">\n\t\t\t\t\t\t\t\t<div class=\"elementor-element elementor-element-0421ce0 elementor-widget elementor-widget-image\" data-id=\"0421ce0\" data-element_type=\"widget\" data-widget_type=\"image.default\">\n\t\t\t\t<div class=\"elementor-widget-container\">\n\t\t\t\t\t\t\t\t\t\t\t\t\t\t\t<img loading=\"lazy\" decoding=\"async\" width=\"1024\" height=\"768\" src=\"https:\/\/onya.mu\/wp-content\/uploads\/2023\/09\/Gael-2.jpg\" class=\"attachment-full size-full wp-image-1814\" alt=\"\" srcset=\"https:\/\/onya.mu\/wp-content\/uploads\/2023\/09\/Gael-2.jpg 1024w, https:\/\/onya.mu\/wp-content\/uploads\/2023\/09\/Gael-2-300x225.jpg 300w, https:\/\/onya.mu\/wp-content\/uploads\/2023\/09\/Gael-2-768x576.jpg 768w, https:\/\/onya.mu\/wp-content\/uploads\/2023\/09\/Gael-2-16x12.jpg 16w\" sizes=\"auto, (max-width: 1024px) 100vw, 1024px\" \/>\t\t\t\t\t\t\t\t\t\t\t\t\t\t\t<\/div>\n\t\t\t\t<\/div>\n\t\t\t\t<div class=\"elementor-element elementor-element-d0c5922 elementor-widget elementor-widget-heading\" data-id=\"d0c5922\" data-element_type=\"widget\" data-widget_type=\"heading.default\">\n\t\t\t\t<div class=\"elementor-widget-container\">\n\t\t\t<h6 class=\"elementor-heading-title elementor-size-default\">Franco heureux comme un enfant au Paradis de Ga\u00ebl !<\/h6>\t\t<\/div>\n\t\t\t\t<\/div>\n\t\t\t\t\t<\/div>\n\t\t<\/div>\n\t\t\t\t<div class=\"elementor-column elementor-col-50 elementor-top-column elementor-element elementor-element-472c6cb\" data-id=\"472c6cb\" data-element_type=\"column\">\n\t\t\t<div class=\"elementor-widget-wrap elementor-element-populated\">\n\t\t\t\t\t\t\t\t<div class=\"elementor-element elementor-element-2ec2586 elementor-widget elementor-widget-text-editor\" data-id=\"2ec2586\" data-element_type=\"widget\" data-widget_type=\"text-editor.default\">\n\t\t\t\t<div class=\"elementor-widget-container\">\n\t\t\t\t\t\t\t<p style=\"font-weight: 400;\">Franco est comme un enfant \u00e9merveill\u00e9 ! Il d\u00e9ambule dans l\u2019herbe, passe sous les branches, renifle les feuilles, les casse, les croque, vit pleinement l\u2019instant pr\u00e9sent et imagine d\u00e9j\u00e0 les joindre \u00e0 ses plats ou m\u00eame inventer de nouvelles combinaisons de saveurs, red\u00e9couvre les fruits et l\u00e9gumes de lavi lontan, ceux que les supermarch\u00e9s ont oubli\u00e9s, pire ! ceux \u00e0 qui la vie moderne et la \u201crentabilit\u00e9\u201d interdisent de na\u00eetre !<\/p><p>Ga\u00ebl produit 58 fruits diff\u00e9rents et tant de l\u00e9gumes, de baies et de tisanes.  En accueillant Chef Franco, il lui a gliss\u00e9 dans la main goyaves roses, goyaves blanches, petites goyaves de l\u2019Inde. Il en produit cinq vari\u00e9t\u00e9s ! En marchant dans son paradis v\u00e9g\u00e9tal, Franco les d\u00e9guste, peau comprise, pendant que Ga\u00ebl nomme, comme un po\u00e8me sans fin, les merveilles de son domaine : c\u0153ur de b\u0153uf, lucuma, letchi, avocat local, masolo, vavangue, groseille, corosol, prune, jambrosade, badamier, maradamian, longane, tamarinier, jambose rouge, olive de Ceylan, baies roses, carambole, citron, bergamotte, pamplemousse, mandarine, fruit \u00e0 pin, jamblon, pistache malgache, fruit de Cyth\u00e8re nain et g\u00e9ant, mangoustan jaune, fruit de la passion,  quatre-\u00e9pices, cannelle, une quinzaine de tisanes (tulsi, basilic, feuilles de mangue et de goyave \u00e0 faire bouillir dans l\u2019eau, citronelle, ayapanan etc.) et les citrons ! \u00c9normes, ses citrons. Ga\u00ebl en cueille un et le p\u00e8se\u2026 500 grammes !<\/p>\t\t\t\t\t\t<\/div>\n\t\t\t\t<\/div>\n\t\t\t\t\t<\/div>\n\t\t<\/div>\n\t\t\t\t\t\t\t<\/div>\n\t\t<\/section>\n\t\t\t\t<section class=\"elementor-section elementor-top-section elementor-element elementor-element-4c181b6 elementor-section-boxed elementor-section-height-default elementor-section-height-default\" data-id=\"4c181b6\" data-element_type=\"section\">\n\t\t\t\t\t\t<div class=\"elementor-container elementor-column-gap-default\">\n\t\t\t\t\t<div class=\"elementor-column elementor-col-100 elementor-top-column elementor-element elementor-element-303e28f\" data-id=\"303e28f\" data-element_type=\"column\">\n\t\t\t<div class=\"elementor-widget-wrap elementor-element-populated\">\n\t\t\t\t\t\t\t\t<div class=\"elementor-element elementor-element-1e0256f elementor-widget elementor-widget-text-editor\" data-id=\"1e0256f\" data-element_type=\"widget\" data-widget_type=\"text-editor.default\">\n\t\t\t\t<div class=\"elementor-widget-container\">\n\t\t\t\t\t\t\t<p>\u00a0Franco est conquis. Mais qui ne le serait pas devant tant de beaut\u00e9s, tant de saveurs inou\u00efes, tant de couleurs \u00e9clatantes offertes par Ga\u00ebl ?<\/p><p>\u00a0Dans un calme paradisiaque anim\u00e9 de leur seule passion, \u00e0 l\u2019ombre d\u2019une varangue v\u00e9g\u00e9tale naturelle, Franco et Ga\u00ebl s\u2019entretiennent sur la mani\u00e8re d\u2019approvisionner la cuisine d\u2019ONYA\u2026<\/p><p>\u00a0Gourmands et gourmets peuvent se pr\u00e9parer \u00e0 de belles surprises !<\/p>\t\t\t\t\t\t<\/div>\n\t\t\t\t<\/div>\n\t\t\t\t<div class=\"elementor-element elementor-element-41baec4 elementor-widget elementor-widget-spacer\" data-id=\"41baec4\" data-element_type=\"widget\" data-widget_type=\"spacer.default\">\n\t\t\t\t<div class=\"elementor-widget-container\">\n\t\t\t\t\t<div class=\"elementor-spacer\">\n\t\t\t<div class=\"elementor-spacer-inner\"><\/div>\n\t\t<\/div>\n\t\t\t\t<\/div>\n\t\t\t\t<\/div>\n\t\t\t\t\t<\/div>\n\t\t<\/div>\n\t\t\t\t\t\t\t<\/div>\n\t\t<\/section>\n\t\t\t\t\t\t\t<\/div>","protected":false},"excerpt":{"rendered":"<p>A visit to Ga\u00ebl Soupe&#8217;s paradise on earth. 7 July 2023 is a historic day for ONYA: the day when two people with a passion for quality local produce, Ga\u00ebl Soupe and Chef Franco, met. \u00a0When Franco discovered Ga\u00ebl&#8217;s Facebook page https:\/\/www.facebook.com\/gael.soupe, he is thrilled by what he sees and immediately decides to go and &hellip;<\/p>\n<p class=\"read-more\"> <a class=\"\" href=\"https:\/\/onya.mu\/fr\/a-visit-to-gael-soupes-paradise-on-earth\/\"> <span class=\"screen-reader-text\">A visit to Ga\u00ebl Soupe&#8217;s paradise on earth.<\/span> Lire la suite\u00a0\u00bb<\/a><\/p>","protected":false},"author":1,"featured_media":0,"parent":0,"menu_order":0,"comment_status":"closed","ping_status":"closed","template":"","meta":{"site-sidebar-layout":"no-sidebar","site-content-layout":"page-builder","ast-global-header-display":"","ast-main-header-display":"","ast-hfb-above-header-display":"","ast-hfb-below-header-display":"","ast-hfb-mobile-header-display":"","site-post-title":"disabled","ast-breadcrumbs-content":"","ast-featured-img":"disabled","footer-sml-layout":"","theme-transparent-header-meta":"enabled","adv-header-id-meta":"","stick-header-meta":"","header-above-stick-meta":"","header-main-stick-meta":"","header-below-stick-meta":"","footnotes":""},"class_list":["post-1812","page","type-page","status-publish","hentry"],"_links":{"self":[{"href":"https:\/\/onya.mu\/fr\/wp-json\/wp\/v2\/pages\/1812","targetHints":{"allow":["GET"]}}],"collection":[{"href":"https:\/\/onya.mu\/fr\/wp-json\/wp\/v2\/pages"}],"about":[{"href":"https:\/\/onya.mu\/fr\/wp-json\/wp\/v2\/types\/page"}],"author":[{"embeddable":true,"href":"https:\/\/onya.mu\/fr\/wp-json\/wp\/v2\/users\/1"}],"replies":[{"embeddable":true,"href":"https:\/\/onya.mu\/fr\/wp-json\/wp\/v2\/comments?post=1812"}],"version-history":[{"count":22,"href":"https:\/\/onya.mu\/fr\/wp-json\/wp\/v2\/pages\/1812\/revisions"}],"predecessor-version":[{"id":1845,"href":"https:\/\/onya.mu\/fr\/wp-json\/wp\/v2\/pages\/1812\/revisions\/1845"}],"wp:attachment":[{"href":"https:\/\/onya.mu\/fr\/wp-json\/wp\/v2\/media?parent=1812"}],"curies":[{"name":"wp","href":"https:\/\/api.w.org\/{rel}","templated":true}]}}